{"id":1710,"date":"2024-03-09T15:13:33","date_gmt":"2024-03-09T14:13:33","guid":{"rendered":"https:\/\/tasteofnations.ch\/?page_id=1710"},"modified":"2024-03-10T13:59:37","modified_gmt":"2024-03-10T12:59:37","slug":"privacy-policy","status":"publish","type":"page","link":"https:\/\/tasteofnations.ch\/de\/privacy-policy\/","title":{"rendered":"Datenschutzerkl\u00e4rung"},"content":{"rendered":"<div data-elementor-type=\"wp-page\" data-elementor-id=\"1710\" class=\"elementor elementor-1710\">\n\t\t\t\t\t\t<div class=\"elementor-inner\">\n\t\t\t\t<div class=\"elementor-section-wrap\">\n\t\t\t\t\t\t\t\t\t<section class=\"elementor-section elementor-top-section elementor-element elementor-element-6ef7ba6e elementor-section-boxed elementor-section-height-default elementor-section-height-default\" data-id=\"6ef7ba6e\" data-element_type=\"section\">\n\t\t\t\t\t\t<div class=\"elementor-container elementor-column-gap-default\">\n\t\t\t\t\t\t\t<div class=\"elementor-row\">\n\t\t\t\t\t<div class=\"elementor-column elementor-col-100 elementor-top-column elementor-element elementor-element-795c94d1\" data-id=\"795c94d1\" data-element_type=\"column\">\n\t\t\t<div class=\"elementor-column-wrap elementor-element-populated\">\n\t\t\t\t\t\t\t<div class=\"elementor-widget-wrap\">\n\t\t\t\t\t\t<div class=\"elementor-element elementor-element-5ff69a72 elementor-widget elementor-widget-text-editor\" data-id=\"5ff69a72\" data-element_type=\"widget\" data-widget_type=\"text-editor.default\">\n\t\t\t\t<div class=\"elementor-widget-container\">\n\t\t\t\t\t\t\t\t<div class=\"elementor-text-editor elementor-clearfix\">\n\t\t\t\t<h1>Datenschutzbestimmungen<\/h1>\n<h2>Grundsatz und Geltungsbereich<\/h2>\n<p>Diese Datenschutzinformation bezieht sich auf die Verarbeitung von personenbezogenen Daten im Zusammenhang mit dem Besuch der Websites unter tasteofnations.ch. Um unsere Websites und die damit verbundenen Online-Dienstleistungen oder Online-Anwendungen (zusammenfassend Services genannt) nutzen zu k\u00f6nnen, verarbeiten wir Ihre personenbezogenen Daten (im Folgenden auch als &#8216;Daten&#8217; bezeichnet). Bitte beachten Sie, dass diese Datenschutzinformation nicht f\u00fcr Websites anderer Anbieter gilt, auf die unsere Website m\u00f6glicherweise verlinkt ist.<br>Personenbezogene Daten beziehen sich auf Informationen, die sich auf eine bestimmte oder bestimmbare nat\u00fcrliche Person beziehen. Bestimmte Kategorien von besonders sensiblen personenbezogenen Daten, wie beispielsweise Gesundheitsdaten, werden durch spezielle gesetzliche Bestimmungen besonders gesch\u00fctzt. Unter dem Begriff Bearbeitung fallen s\u00e4mtliche Vorg\u00e4nge im Zusammenhang mit Ihren Daten, einschliesslich Erhebung, Speicherung, Nutzung, Weitergabe, Archivierung oder L\u00f6schung. Bei der Datenverarbeitung halten wir uns an das Bundesgesetz \u00fcber den Datenschutz (DSG), die entsprechende Durchf\u00fchrungsverordnung (DSGV) sowie an andere geltende Datenschutzgesetze (z. B. die Europ\u00e4ische Datenschutz-Grundverordnung, DSGVO), sofern diese anwendbar sind.<br>Im Folgenden m\u00f6chten wir Ihnen erl\u00e4utern, welche Daten wir erheben, zu welchem Zweck wir sie verwenden und welche Rechte Sie in Bezug auf Ihre Daten haben. Sofern Sie uns Daten \u00fcber Dritte \u00fcbermitteln, gehen wir davon aus, dass Sie dazu berechtigt sind und dass die \u00fcbermittelten Daten korrekt sind. Wir bitten Sie daher, die betreffenden Dritten \u00fcber die Verarbeitung ihrer Daten durch uns zu informieren und ihnen eine Kopie dieser Datenschutzinformation oder der relevanten Produktinformationen zu \u00fcbergeben. Sollten wir Sie auf eine aktualisierte Version dieser Dokumente hinweisen, bitten wir Sie, auch diese neuen Versionen weiterzugeben.<br>Unsere Mitarbeiter werden regelm\u00e4ssig in Datenschutzfragen geschult und unterliegen der Geheimhaltungspflicht. Zudem wird die Einhaltung der datenschutzrechtlichen Bestimmungen von unserer Datenschutzfachstelle \u00fcberwacht.<\/p>\n<h2>Verantwortliche Stellen und Kontakt<\/h2>\n<p>Verantwortlich f\u00fcr die in dieser Datenschutzerkl\u00e4rung beschriebene Verarbeitung von Daten ist:<br>Swaad GAstro GmbH <br>\u00fcetlibergstrasse 166<br>8045 Z\u00fczich<br>Bei Fragen und Anliegen rund um die Verarbeitung Ihrer Daten sowie Ihrer datenschutztechnischen Rechte uns gegen\u00fcber wenden Sie sich bitte an:<br>Swaad GAstro GmbH <br>Datenschutzfachstelle<br>\u00fcetlibergstrasse 166<br>8045 Z\u00fczich<br>E-Mail: suppor@tasteofnations.ch<\/p>\n<h2>Bearbeitete Daten<\/h2>\n<p>Wir legen grossen Wert auf den Schutz Ihrer personenbezogenen Daten. Bei der Nutzung unserer Webseite und Services verarbeiten wir in erster Linie die f\u00fcr die Nutzung notwendigen Daten, die Sie uns \u00fcbermitteln sowie die von uns direkt erhobenen Informationen (siehe unten).<br>Im Zuge der Nutzung unserer Webseite und Services erfassen wir Metadaten, wie zum Beispiel Informationen zu Ihrem Browser (Typ und Version), Ihrem Ger\u00e4tetyp (z. B. Smartphone oder Tablet) und Ihrer IP-Adresse. Des Weiteren erheben wir Zugriffsdaten, auch Protokolldaten genannt. Diese beinhalten den Namen der aufgerufenen Website, Datum und Uhrzeit des Zugriffs, \u00fcbertragene Datenmenge, Meldung \u00fcber einen erfolgreichen Abruf, Informationen zum Betriebssystem sowie Angaben zur zuletzt besuchten Website.<br>Weitere Daten zu Ihrer Person speichern und verarbeiten wir nur, wenn Sie diese im Zuge der Nutzung von Services und Tools (z.B. Kontaktformular) an uns \u00fcbermitteln. Weitere datenschutzrelevante Informationen f\u00fcr spezifische Tools finden Sie gegebenenfalls weiter unten in dieser Datenschutzerkl\u00e4rung.<\/p>\n<h2>Zweck<\/h2>\n<p>Wir verarbeiten Ihre Daten ausschliesslich f\u00fcr die Zwecke, die wir Ihnen bei der Erhebung Ihrer Daten mitgeteilt haben, sowie f\u00fcr andere mit diesen Zielen vereinbare Zwecke. Weitere Informationen \u00fcber die Grundlagen unserer Datenverarbeitung finden Sie weiter unten in dieser Datenschutzerkl\u00e4rung.<\/p>\n<h2>Verarbeitung der Daten<\/h2>\n<p>Wir verarbeiten Ihre Daten f\u00fcr verschiedene Zwecke im Zusammenhang mit der Kommunikation mit Ihnen. Dies umfasst insbesondere die Beantwortung von Anfragen, die Geltendmachung Ihrer Rechte und die Kontaktaufnahme bei R\u00fcckfragen. Dabei nutzen wir vor allem Kommunikationsdaten und Stammdaten, sowie Registrierungsdaten in Bezug auf von Ihnen genutzte Angebote und Dienstleistungen. Diese Daten k\u00f6nnen  f\u00fcr Dokumentationszwecke, Schulungen, Qualit\u00e4tssicherung und Nachfragen gespeichert werden.<br>Des Weiteren verarbeiten wir Daten f\u00fcr Marketingzwecke und zur Pflege der Kundenbeziehung. Wir k\u00f6nnen allgemeine oder personalisierte Informationen zu unserem Angebot an unsere Nutzer senden, beispielsweise in Form unregelm\u00e4ssiger Kontakte per E-Mail, Post oder Telefon, sowie \u00fcber andere Kan\u00e4le, f\u00fcr die wir Kontaktinformationen von Ihnen haben. Sie haben jederzeit die M\u00f6glichkeit, solche Kontakte abzulehnen oder Ihre Einwilligung zur Kontaktaufnahme f\u00fcr Werbezwecke zu verweigern oder zu widerrufen. Mit Ihrer Einwilligung k\u00f6nnen wir unser Online-Angebot gezielter auf die Bed\u00fcrfnisse unserer Nutzer ausrichten.<br>Des Weiteren k\u00f6nnen wir Ihre Daten f\u00fcr Marktforschung, zur Verbesserung unseres Online-Angebots, unserer Dienstleistungen und allenfalls zur Produktentwicklung nutzen.<br>Schliesslich k\u00f6nnen wir Ihre Daten auch aus Sicherheitsgr\u00fcnden und zur Zugangskontrolle auf unserer Webseite speichern und verarbeiten.<\/p>\n<h2>Logfiles<\/h2>\n<p>Wir nutzen haupts\u00e4chlich Daten zur Erstellung von Server-Logfiles, um statistische Auswertungen f\u00fcr den Betrieb der Website durchzuf\u00fchren, die Sicherheit der IT-Systeme zu gew\u00e4hrleisten und die Website zu optimieren. Hierbei verwenden wir vorrangig Protokolldaten. Die rechtliche Grundlage f\u00fcr diese Datenverarbeitung ist unser berechtigtes Interesse, Ihnen jederzeit eine sichere und reibungslose Nutzungserfahrung zu bieten. Wir behalten uns ausserdem das Recht vor, die Protokolldaten nachtr\u00e4glich zu \u00fcberpr\u00fcfen, wenn konkrete Anhaltspunkte f\u00fcr eine rechtswidrige Nutzung bestehen.<\/p>\n<h2>Kontaktformular<\/h2>\n<p>Wenn Sie uns \u00fcber das Kontaktformular kontaktieren, erfassen wir Ihre Kontaktdaten, um Ihre Anfrage zu bearbeiten und eventuelle Nachfragen zu beantworten. Die \u00dcbermittlung dieser Daten erfolgt in verschl\u00fcsselter Form.<br>Wenn Sie uns Ihre E-Mail-Adresse angegeben haben oder uns direkt per E-Mail kontaktiert haben, k\u00f6nnen wir Ihnen auch Informationen per E-Mail zusenden, die im Zusammenhang mit der Bearbeitung Ihrer Anliegen und Fragen stehen.<br>Die rechtliche Grundlage f\u00fcr die Verarbeitung Ihrer Daten beruht auf unserem berechtigten Interesse, Ihre Online-Anfrage effizient und effektiv bearbeiten zu k\u00f6nnen. Wenn das Ziel des E-Mail-Kontakts der Abschluss eines Vertrags ist, basiert die Datenverarbeitung auf der Anbahnung dieser vertraglichen Beziehung.<\/p>\n<h2>Marketing<\/h2>\n<p>Ihre Daten k\u00f6nnen von uns dazu verwendet werden, Sie gelegentlich \u00fcber News, neue Produkte, Dienstleistungen oder andere f\u00fcr Sie interessante Leistungen von uns und allenfalls unseren Partnern zu informieren.<br>Sollten Sie die Nutzung Ihrer Daten zu Marketingzwecken nicht zustimmen wollen, k\u00f6nnen Sie uns entsprechend informieren bzw. Ihre Einwilligung zum Erhalt von Marketinginformationen verweigern oder widerrufen.<\/p>\n<h2>Termine Online buchen<\/h2>\n<p>Wir k\u00f6nnen Ihnen auf unserer Webseite gegebenenfalls Services anbieten, bei welchen die Angabe von Personendaten m\u00f6glicherweise obligatorisch ist. Ein Beispiel eines solchen Services ist die Online-Vereinbarung von Gespr\u00e4chs- oder Beratungsterminen. In diesen F\u00e4llen bearbeiten wir in erster Linie Stamm- und Kommunikationsdaten sowie teilweise weitere Informationen, welche f\u00fcr die Bearbeitung Ihrer Anfrage n\u00f6tig sind. Wir k\u00f6nnen Ihre Daten zudem speichern, um bei Folgekommunikation darauf Bezug nehmen zu k\u00f6nnen. Weiter k\u00f6nnen wir Sie mittels Kontaktaufnahme bei der Nutzung unserer Services unterst\u00fctzen.<br>Die rechtliche Grundlage f\u00fcr die Verarbeitung Ihrer Daten beruht auf unserem berechtigten Interesse, Ihnen einen attraktiven Service zur Online-Koordination von Terminen anbieten zu k\u00f6nnen. Sie k\u00f6nnen Ihre Einwilligung jederzeit widerrufen. Die Rechtm\u00e4ssigkeit der Verarbeitung Ihrer Daten bis zur Widerrufung Ihrer Einwilligung wird durch den Widerruf nicht tangiert.<\/p>\n<h2>Benutzerkonten<\/h2>\n<p>Wir k\u00f6nnen f\u00fcr Benutzer auf unserer Webseite Benutzerkonten anlegen.<\/p>\n<h2>Google Analytics<\/h2>\n<p>Wir k\u00f6nnen auf unserer Webseite Google Analytics und den Google Tag Manager nutzen. Dabei handelt es sich um einen Webanalysedienst und ein unterst\u00fctzendes Tool, bereitgestellt von Google LLC (1600 Amphitheatre Parkway, Mountain View, CA 94043, USA).<br>F\u00fcr die Analyse Ihrer Nutzung unserer Webseite verwendet Google Analytics Cookies. Die vom Dienst erzeugten Nutzungsdaten werden standardm\u00e4ssig an Server in einem Google-Rechenzentrum \u00fcbertragen und dort gespeichert. Es besteht die M\u00f6glichkeit, dass \u00fcber Google Analytics und Google Tag Manager zus\u00e4tzliche personenbezogene Daten erfassen werden und dass diese Daten von Google an Dritte weitergegeben werden, sofern dies gesetzlich vorgeschrieben ist oder wenn Dritte die Daten im Auftrag von Google verarbeiten. Wir selbst geben ohne Ihre Einwilligung keine Personendaten an Google weiter.<br>Die rechtliche Grundlage f\u00fcr die Verarbeitung Ihrer Daten beruht auf unserem berechtigten Interesse, das Nutzerverhalten zur Optimierung unseres Angebots zu analysieren. Weiterf\u00fchrende Informationen zu Google Analytics und Google Tag Manager finden Sie unter folgendem Link: support.google.com\/tagmanager\/?hl=de#topic=3441530<\/p>\n<h2>IP Anonymisierung<\/h2>\n<p>Ihre IP-Adresse wird bei unserer Webseite vor der \u00dcbertragung an Google standardm\u00e4ssig anonymisiert. Dies geschieht, indem Ihre Adresse nur in gek\u00fcrzter Form \u00fcbertragen wird. In Ausnahmef\u00e4llen kann es vorkommen, dass Ihre Adresse vollst\u00e4ndig \u00fcbertragen und erst im Rechenzentrum von Google gek\u00fcrzt wird.<\/p>\n<h2>Google Ads Conversion Tracking<\/h2>\n<p>Wir k\u00f6nnen auf unserer Webseite Google Ads in Verbindung mit dem Google Conversion-Tracking nutzen. Dieser Dienst wird von Google Ireland Limited (Gordon House, Barrow Street, Dublin 4, Irland) angeboten, einem Tochterunternehmen von Google LLC (1600 Amphitheatre Parkway, Mountain View, CA 94043, USA). Wenn Sie \u00fcber eine Google-Anzeige auf unsere Webseite gelangen, platziert Google Ads ein Cookie auf Ihrem Ger\u00e4t. Besuchen Sie bestimmte Seiten unserer Webseite, erkennen Google und wir anhand des Cookies, dass Sie auf die Anzeige geklickt haben und zur entsprechenden Seite weitergeleitet wurden. Jeder Google Ads-Kunde erh\u00e4lt ein eigenes Cookie, welches jedoch nicht zur pers\u00f6nlichen Identifizierung dient.<br>Die durch das Conversion-Cookie gesammelten Informationen dienen der Erstellung von Conversion-Statistiken f\u00fcr Google Ads-Kunden und der Analyse Ihres Surfverhaltens zu Marketingzwecken. Dadurch k\u00f6nnen wir unsere Werbeangebote an Ihre Interessen anpassen. Es werden jedoch keine personenbezogenen Informationen \u00fcbermittelt, mit denen Sie direkt identifiziert werden k\u00f6nnen.<br>Die rechtliche Grundlage f\u00fcr die Verarbeitung Ihrer Daten beruht auf unserem berechtigten Interesse, unsere Werbeangebote besser auf unsere Nutzer abzustimmen. Weiterf\u00fchrende Informationen zum Conversion-Tracking sowie allgemeine Details zu Google Ads und der Google Marketing Platform finden Sie unter folgenden Links:<br>&#8211; support.google.com\/google-ads\/answer\/6095821?hl=de<br>&#8211; ads.google.com\/home\/<br>&#8211; marketingplatform.google.com\/about\/<\/p>\n<h2>Google Maps<\/h2>\n<p>Wir k\u00f6nnen auf unserer Webseite Kartenmaterial und Services von Google Maps integrieren. Bei der Nutzung unserer Webseite in der Schweiz oder im Europ\u00e4ischen Wirtschaftsraum (EWR) werden die Karten-Services von Google Ireland Limited (Gordon House, Barrow Street, Dublin 4, Irland) zur Verf\u00fcgung gestellt. Bei Nutzung unserer Seite in einem anderen Land wird das Angebot von Google LLC (1600 Amphitheatre Parkway, Mountain View, CA 94043, USA) bereitgestellt. Die Integration von Google Maps auf unseren Websites erm\u00f6glicht es uns beispielsweise, Ihnen eine interaktive Karte direkt auf unserer Seite anzuzeigen, wodurch Sie von uns publizierte Adresse einfacher geografisch verorten k\u00f6nnen.<br>Bei der Nutzung von Google Maps ergibt sich, dass Google Ihre IP-Adresse kommuniziert wird. Google kann allenfalls Ihre Daten mit Ihrem Google-Nutzerkonto verkn\u00fcpfen, sofern Sie zu diesem Zeitpunkt eingeloggt sind. Sollten Sie eine solche Zuordnung zu Ihrem Benutzerkonto bei Google nicht w\u00fcnschen, haben Sie die M\u00f6glichkeit, sich in Ihrem Google-Konto von der Nutzung von Google Maps abzumelden.<br>Die rechtliche Grundlage f\u00fcr die Verarbeitung Ihrer Daten beruht auf unserem berechtigten Interesse, Ihnen n\u00fctzliche Informationen zur Verf\u00fcgung zu stellen, die standortbezogene Suche zu erleichtern und Adressdaten automatisch zu erg\u00e4nzen.<br>Weiterf\u00fchrende Informationen zu Google Maps finden Sie unter folgendem Link: blog.google\/products\/maps\/<\/p>\n<h2>Ihre Rechte<\/h2>\n<p>Sie haben nach Massgabe des anwendbaren Datenschutzrechts gem\u00e4ss den geltenden Datenschutzbestimmungen und unter bestimmten Voraussetzungen folgende Rechte:<br>Recht auf Auskunft: Sie k\u00f6nnen von uns Informationen dar\u00fcber verlangen, ob wir Ihre personenbezogenen Daten verarbeiten und welche Daten dies gegebenenfalls sind.<br>Recht auf Berichtigung: Sie k\u00f6nnen von uns die Korrektur falscher Daten oder die Vervollst\u00e4ndigung unvollst\u00e4ndiger Daten verlangen.<br>Recht auf L\u00f6schung: Sie k\u00f6nnen die L\u00f6schung Ihrer Daten verlangen. Beachten Sie jedoch, dass bestimmte gesetzliche Bestimmungen oder berechtigte Interessen unsere Verpflichtung zur L\u00f6schung einschr\u00e4nken k\u00f6nnen.<br>Recht auf Daten\u00fcbertragbarkeit: Unter bestimmten Voraussetzungen k\u00f6nnen Sie verlangen, dass wir Ihnen die von Ihnen bereitgestellten Daten in einem strukturierten, g\u00e4ngigen und maschinenlesbaren Format zur Verf\u00fcgung stellen.<br>Recht auf Widerruf der Einwilligung: Wenn die Datenverarbeitung auf Ihrer Einwilligung beruht, k\u00f6nnen Sie diese Einwilligung jederzeit widerrufen. Bitte beachten Sie, dass der Widerruf die Rechtm\u00e4ssigkeit der bis zum Widerruf erfolgten Datenverarbeitung nicht ber\u00fchrt.<br>Recht auf Widerspruch: Sie haben unter bestimmten Umst\u00e4nden das Recht, der Verarbeitung Ihrer Daten, insbesondere f\u00fcr Zwecke des Direktmarketings oder der berechtigten Interessen, zu widersprechen.<br> Beschwerderecht: Wenn Sie mit unserem Umgang Ihrer Daten nicht einverstanden sind, haben Sie das Recht, sich an unsere Datenschutzbeauftragten oder unter edoeb.admin.ch an die zust\u00e4ndige Datenschutzaufsichtsbeh\u00f6rde zu wenden.<br> Bitte beachten Sie, dass diese Rechte gesetzlichen Voraussetzungen unterliegen und dass Ausnahmen und Einschr\u00e4nkungen gelten k\u00f6nnen. Um Ihre Rechte wahrzunehmen, k\u00f6nnen Sie uns schriftlich oder per E-Mail an die untenstehende Adresse kontaktieren.<br>Swaad GAstro GmbH <br>Datenschutzfachstelle<br>\u00fcetlibergstrasse 166<br>8045 Z\u00fczich<br> E-Mail: suppor@tasteofnations.ch<\/p>\n<h2>SSL<\/h2>\n<p>Aufgrund der technischen Struktur des Internets als offenes Netzwerk kann eine sichere \u00dcbermittlung Ihrer Daten nicht in allen F\u00e4llen garantiert werden. Wenn Sie Ihre pers\u00f6nlichen Daten an uns senden, dann geschieht dies immer auf eigenes Risiko.<br>Um den Schutz Ihrer \u00fcbermittelten Daten zu gew\u00e4hrleisten, verwenden wir Verschl\u00fcsselungsmechanismen gem\u00e4ss den aktuellen Sicherheitsstandards (Transport Layer Security, TLS). TLS ist ein Protokoll zur sicheren Daten\u00fcbertragung im Internet und wird von den meisten Browsern unterst\u00fctzt. Es nutzt das Public-Key-Verfahren, bei dem Daten mit einem \u00f6ffentlich zug\u00e4nglichen Schl\u00fcssel verschl\u00fcsselt und nur mit einem spezifischen privaten Schl\u00fcssel wieder entschl\u00fcsselt werden k\u00f6nnen. Die meisten Browser zeigen anhand eines Schl\u00fcsselsymbols oder Vorh\u00e4ngeschlosses an, ob eine Verbindung sicher ist.<br>Wir treffen diverse technische und organisatorische Sicherheitsvorkehrungen, um den Schutz Ihrer Daten innerhalb unseres Systems zu gew\u00e4hrleisten. Dennoch m\u00f6chten wir Sie darauf hinweisen, dass trotz dieser Massnahmen das Risiko von Datenverlust, unbefugtem Zugriff auf oder Manipulation der Daten durch Dritte besteht. Bitte beachten Sie zudem, dass gewisse Netzwerkabschnitte und Ihr Computer ausserhalb unseres kontrollierbaren Sicherheitsbereichs liegen. Als Benutzer sind Sie daf\u00fcr verantwortlich, sich \u00fcber erforderliche Sicherheitsvorkehrungen zu informieren und die n\u00f6tigen Massnahmen innerhalb Ihres Einflussbereiches zu ergreifen. Eine Haftung unsererseits f\u00fcr Sch\u00e4den, welche Ihnen durch Datenverlust oder -manipulation entstehen, ist grunds\u00e4tzlich ausgeschlossen.<\/p>\n<h2>Aufbewahrung der Daten<\/h2>\n<p>Wir speichern Ihre Daten lediglich so lange, wie es f\u00fcr die von uns genannten Zwecke notwendig ist oder wie wir gesetzlich oder vertraglich verpflichtet sind. Daten, welche f\u00fcr die genannten Zwecke auch in Zukunft nicht mehr notwendig sind werden von uns im Rahmen unserer regul\u00e4ren Datenpflege gel\u00f6scht oder alternativ anonymisiert.<\/p>\n<h2>Update<\/h2>\n<p>Die vorliegende Datenschutzinformation ist nicht Vertragsbestandteil und jederzeit durch uns ab\u00e4nderbar. Es gilt jeweils die hier ver\u00f6ffentlichte Version.<br><br>Letztmals aktualisiert am 3. M\u00e4rz, 2024<\/p>\n\t\t\t\t\t<\/div>\n\t\t\t\t\t\t<\/div>\n\t\t\t\t<\/div>\n\t\t\t\t\t\t<\/div>\n\t\t\t\t\t<\/div>\n\t\t<\/div>\n\t\t\t\t\t\t\t\t<\/div>\n\t\t\t\t\t<\/div>\n\t\t<\/section>\n\t\t\t\t\t\t\t\t\t<\/div>\n\t\t\t<\/div>\n\t\t\t\t\t<\/div>","protected":false},"excerpt":{"rendered":"<p>Datenschutzbestimmungen Grundsatz und Geltungsbereich Diese Datenschutzinformation bezieht sich auf die Verarbeitung von personenbezogenen Daten im Zusammenhang mit dem Besuch der Websites unter tasteofnations.ch. Um unsere Websites und die damit verbundenen Online-Dienstleistungen oder Online-Anwendungen (zusammenfassend Services genannt) nutzen zu k\u00f6nnen, verarbeiten wir Ihre personenbezogenen Daten (im Folgenden auch als &#8216;Daten&#8217; bezeichnet). Bitte beachten Sie, dass diese &hellip;<\/p>\n<p class=\"read-more\"> <a class=\"\" href=\"https:\/\/tasteofnations.ch\/de\/privacy-policy\/\"> <span class=\"screen-reader-text\">Datenschutzerkl\u00e4rung<\/span> Weiterlesen &raquo;<\/a><\/p>","protected":false},"author":1,"featured_media":0,"parent":0,"menu_order":0,"comment_status":"closed","ping_status":"closed","template":"","meta":[],"yoast_head":"<!-- This site is optimized with the Yoast SEO plugin v15.2 - https:\/\/yoast.com\/wordpress\/plugins\/seo\/ -->\n<title>Privacy Policy - NIRWANA<\/title>\n<meta name=\"robots\" content=\"index, follow, max-snippet:-1, max-image-preview:large, max-video-preview:-1\" \/>\n<link rel=\"canonical\" href=\"https:\/\/tasteofnations.ch\/de\/privacy-policy\/\" \/>\n<meta property=\"og:locale\" content=\"de_DE\" \/>\n<meta property=\"og:type\" content=\"article\" \/>\n<meta property=\"og:title\" content=\"Privacy Policy - NIRWANA\" \/>\n<meta property=\"og:description\" content=\"Datenschutzbestimmungen Grundsatz und Geltungsbereich Diese Datenschutzinformation bezieht sich auf die Verarbeitung von personenbezogenen Daten im Zusammenhang mit dem Besuch der Websites unter tasteofnations.ch. Um unsere Websites und die damit verbundenen Online-Dienstleistungen oder Online-Anwendungen (zusammenfassend Services genannt) nutzen zu k\u00f6nnen, verarbeiten wir Ihre personenbezogenen Daten (im Folgenden auch als &#8216;Daten&#8217; bezeichnet). Bitte beachten Sie, dass diese &hellip; Privacy Policy Weiterlesen &raquo;\" \/>\n<meta property=\"og:url\" content=\"https:\/\/tasteofnations.ch\/de\/privacy-policy\/\" \/>\n<meta property=\"og:site_name\" content=\"NIRWANA\" \/>\n<meta property=\"article:publisher\" content=\"https:\/\/www.facebook.com\/Restaurant-Swaad-109476694134992\" \/>\n<meta property=\"article:modified_time\" content=\"2024-03-10T12:59:37+00:00\" \/>\n<meta name=\"twitter:card\" content=\"summary_large_image\" \/>\n<meta name=\"twitter:label1\" value=\"Written by\">\n\t<meta name=\"twitter:data1\" value=\"admin\">\n\t<meta name=\"twitter:label2\" value=\"Est. reading time\">\n\t<meta name=\"twitter:data2\" value=\"9 Minuten\">\n<script type=\"application\/ld+json\" class=\"yoast-schema-graph\">{\"@context\":\"https:\/\/schema.org\",\"@graph\":[{\"@type\":\"Organization\",\"@id\":\"https:\/\/tasteofnations.ch\/#organization\",\"name\":\"Swaad - Taste of Nations\",\"url\":\"https:\/\/tasteofnations.ch\/\",\"sameAs\":[\"https:\/\/www.facebook.com\/Restaurant-Swaad-109476694134992\",\"https:\/\/www.instagram.com\/restaurantswaadzuerich\/\"],\"logo\":{\"@type\":\"ImageObject\",\"@id\":\"https:\/\/tasteofnations.ch\/#logo\",\"inLanguage\":\"de-DE\",\"url\":\"https:\/\/mlttzuamhjgu.i.optimole.com\/w:auto\/h:auto\/q:mauto\/f:avif\/https:\/\/tasteofnations.ch\/wp-content\/uploads\/2020\/06\/LogoMakr_0thdaC.png\",\"width\":398,\"height\":400,\"caption\":\"Swaad - Taste of Nations\"},\"image\":{\"@id\":\"https:\/\/tasteofnations.ch\/#logo\"}},{\"@type\":\"WebSite\",\"@id\":\"https:\/\/tasteofnations.ch\/#website\",\"url\":\"https:\/\/tasteofnations.ch\/\",\"name\":\"NIRWANA\",\"description\":\"Taste of Nations\",\"publisher\":{\"@id\":\"https:\/\/tasteofnations.ch\/#organization\"},\"potentialAction\":[{\"@type\":\"SearchAction\",\"target\":\"https:\/\/tasteofnations.ch\/?s={search_term_string}\",\"query-input\":\"required name=search_term_string\"}],\"inLanguage\":\"de-DE\"},{\"@type\":\"WebPage\",\"@id\":\"https:\/\/tasteofnations.ch\/privacy-policy\/#webpage\",\"url\":\"https:\/\/tasteofnations.ch\/privacy-policy\/\",\"name\":\"Privacy Policy - NIRWANA\",\"isPartOf\":{\"@id\":\"https:\/\/tasteofnations.ch\/#website\"},\"datePublished\":\"2024-03-09T14:13:33+00:00\",\"dateModified\":\"2024-03-10T12:59:37+00:00\",\"inLanguage\":\"de-DE\",\"potentialAction\":[{\"@type\":\"ReadAction\",\"target\":[\"https:\/\/tasteofnations.ch\/privacy-policy\/\"]}]}]}<\/script>\n<!-- \/ Yoast SEO plugin. -->","_links":{"self":[{"href":"https:\/\/tasteofnations.ch\/de\/wp-json\/wp\/v2\/pages\/1710"}],"collection":[{"href":"https:\/\/tasteofnations.ch\/de\/wp-json\/wp\/v2\/pages"}],"about":[{"href":"https:\/\/tasteofnations.ch\/de\/wp-json\/wp\/v2\/types\/page"}],"author":[{"embeddable":true,"href":"https:\/\/tasteofnations.ch\/de\/wp-json\/wp\/v2\/users\/1"}],"replies":[{"embeddable":true,"href":"https:\/\/tasteofnations.ch\/de\/wp-json\/wp\/v2\/comments?post=1710"}],"version-history":[{"count":5,"href":"https:\/\/tasteofnations.ch\/de\/wp-json\/wp\/v2\/pages\/1710\/revisions"}],"predecessor-version":[{"id":1719,"href":"https:\/\/tasteofnations.ch\/de\/wp-json\/wp\/v2\/pages\/1710\/revisions\/1719"}],"wp:attachment":[{"href":"https:\/\/tasteofnations.ch\/de\/wp-json\/wp\/v2\/media?parent=1710"}],"curies":[{"name":"wp","href":"https:\/\/api.w.org\/{rel}","templated":true}]}}